{"id":1019,"date":"2025-03-17T15:59:36","date_gmt":"2025-03-17T14:59:36","guid":{"rendered":"https:\/\/pdbrbkiyx.preview.infomaniak.website\/mobility\/functional-parts-in-small-series\/"},"modified":"2025-03-31T10:56:06","modified_gmt":"2025-03-31T08:56:06","slug":"functional-parts-in-small-series","status":"publish","type":"page","link":"https:\/\/www.mmbpro.com\/en\/mobility\/functional-parts-in-small-series\/","title":{"rendered":"Functional Parts in Small Series"},"content":{"rendered":"\n<div class=\"wp-block-cover is-style-large\" id=\"header-offre-n2\"><span aria-hidden=\"true\" class=\"wp-block-cover__background has-background-dim-40 has-background-dim\" style=\"background-color:#353128\"><\/span><img loading=\"lazy\" decoding=\"async\" width=\"990\" height=\"650\" class=\"wp-block-cover__image-background wp-image-1096\" alt=\"\" src=\"https:\/\/www.mmbpro.com\/wp-content\/uploads\/2025\/03\/633c13e62d531.jpg\" data-object-fit=\"cover\" srcset=\"https:\/\/www.mmbpro.com\/wp-content\/uploads\/2025\/03\/633c13e62d531.jpg 990w, https:\/\/www.mmbpro.com\/wp-content\/uploads\/2025\/03\/633c13e62d531-300x197.jpg 300w, https:\/\/www.mmbpro.com\/wp-content\/uploads\/2025\/03\/633c13e62d531-768x504.jpg 768w, https:\/\/www.mmbpro.com\/wp-content\/uploads\/2025\/03\/633c13e62d531-400x263.jpg 400w\" sizes=\"auto, (max-width: 990px) 100vw, 990px\" \/><div class=\"wp-block-cover__inner-container is-layout-constrained wp-block-cover-is-layout-constrained\">\n<p class=\"has-text-align-center has-large-font-size\"><\/p>\n<\/div><\/div>\n\n<div class=\"wp-block-group\"><div class=\"wp-block-group__inner-container is-layout-constrained wp-block-group-is-layout-constrained\">\n<h1 class=\"wp-block-heading has-text-align-center\">Small <strong>Series<\/strong> Production of <strong>High-Performance and Functional<\/strong> <strong>Automotive Parts<\/strong><\/h1>\n<\/div><\/div>\n\n<div class=\"wp-block-group\"><div class=\"wp-block-group__inner-container is-layout-constrained wp-block-group-is-layout-constrained\">\n<div class=\"wp-block-columns are-vertically-aligned-center is-layout-flex wp-container-core-columns-is-layout-9d6595d7 wp-block-columns-is-layout-flex\">\n<div class=\"wp-block-column is-vertically-aligned-center is-layout-flow wp-block-column-is-layout-flow\" style=\"flex-basis:45%\">\n<div class=\"container-particles\">\n        <div class=\"nectar-particles\" data-disable-explosion=\"on\" data-rotation-timing=\"1000\">\n          <div class=\"canvas-bg\">\n            <canvas id=\"canvas2\" data-active-index=\"0\" style=\"display: block;\" data-loaded=\"true\"><\/canvas>\n          <\/div>\n          <div class=\"shape\" data-src=\"https:\/\/www.mmbpro.com\/wp-content\/uploads\/2025\/02\/piece-fonctionnelle-en-petite-serie.png\" data-max-size=\"1\" data-alpha=\"original\" data-density=\"4\" data-color-mapping=\"solid\" data-color=\"#BAA876\" data-bg-color=\"#000000\"><\/div>\n        <\/div>\n      <\/div>\n<\/div>\n\n\n\n<div class=\"wp-block-column is-vertically-aligned-center is-layout-flow wp-block-column-is-layout-flow\">\n<p class=\"is-style-subtitle\"><em>Mastery of technologies suited to small series production ensures optimal repeatability. Coupled with high-performance materials, these parts can be designed to become functional and integrated efficiently into automotive mechanical sub-assemblies.<\/em><\/p>\n<\/div>\n<\/div>\n<\/div><\/div>\n\n<div class=\"wp-block-group\"><div class=\"wp-block-group__inner-container is-layout-constrained wp-block-group-is-layout-constrained\">\n<div class=\"wp-block-columns is-layout-flex wp-container-core-columns-is-layout-9d6595d7 wp-block-columns-is-layout-flex\">\n<div class=\"wp-block-column is-layout-flow wp-block-column-is-layout-flow\" style=\"flex-basis:45%\">\n<figure class=\"wp-block-image size-large\"><img loading=\"lazy\" decoding=\"async\" width=\"768\" height=\"1024\" src=\"https:\/\/www.mmbpro.com\/wp-content\/uploads\/2024\/09\/Canule-Double-echappement-Alpine-1-768x1024.jpg\" alt=\"Canule double &#xE9;chappement Alpine\" class=\"wp-image-343\" srcset=\"https:\/\/www.mmbpro.com\/wp-content\/uploads\/2024\/09\/Canule-Double-echappement-Alpine-1-768x1024.jpg 768w, https:\/\/www.mmbpro.com\/wp-content\/uploads\/2024\/09\/Canule-Double-echappement-Alpine-1-225x300.jpg 225w, https:\/\/www.mmbpro.com\/wp-content\/uploads\/2024\/09\/Canule-Double-echappement-Alpine-1-1152x1536.jpg 1152w, https:\/\/www.mmbpro.com\/wp-content\/uploads\/2024\/09\/Canule-Double-echappement-Alpine-1-300x400.jpg 300w, https:\/\/www.mmbpro.com\/wp-content\/uploads\/2024\/09\/Canule-Double-echappement-Alpine-1.jpg 1500w\" sizes=\"auto, (max-width: 768px) 100vw, 768px\" \/><\/figure>\n<\/div>\n\n\n\n<div class=\"wp-block-column is-layout-flow wp-block-column-is-layout-flow\">\n<h2 class=\"wp-block-heading\">Combining Repeatable Technologies and High-Performance Materials for Functional Parts Production<\/h2>\n\n\n\n<p><strong>We combine various industrial technologies suited for the small series production of functional automotive parts, guaranteeing faithful and precise reproduction:<\/strong> <a href=\"https:\/\/www.mmbpro.com\/en\/plastic-additive-manufacturing\/\">additive manufacturing (plastic<\/a> and <a href=\"https:\/\/www.mmbpro.com\/en\/metal-additive-manufacturing\/\">metal<\/a>), vacuum casting, and <a href=\"https:\/\/www.mmbpro.com\/en\/machining\/\">5-axis machining<\/a>. With our in-house expertise, we ensure the rigor and pace necessary to meet your quantity needs.<\/p>\n\n\n\n<p>Nous proposons une large gamme de mat\u00e9riaux, dont des r\u00e9sines et poudres haute performance, capables de r\u00e9sister \u00e0 des temp\u00e9ratures \u00e9lev\u00e9es, des chocs et des distorsions. Additionally, our custom finishes (sanding, painting, metallization) <strong>ensure the exact rendering of your functional parts.<\/strong> <\/p>\n\n\n\n<p>Our solutions cover all types of products: <strong>mechanical parts, integrated elements, decorative and ornamental products<\/strong>, and more. We thoroughly check your specifications and production files, optimizing their technical reliability, and advise you on the most suitable materials and processes in compliance with current standards.<\/p>\n<\/div>\n<\/div>\n\n\n\n<div class=\"wp-block-buttons is-content-justification-right is-layout-flex wp-container-core-buttons-is-layout-765c4724 wp-block-buttons-is-layout-flex\">\n<div class=\"wp-block-button\"><a class=\"wp-block-button__link wp-element-button\" href=\"\/realisations\/\">All creations<\/a><\/div>\n<\/div>\n<\/div><\/div>\n\n<div class=\"wp-block-group is-style-has-border\"><div class=\"wp-block-group__inner-container is-layout-constrained wp-block-group-is-layout-constrained\">\n<h2 class=\"wp-block-heading\">Additive Manufacturing for Small Series Production of Functional Parts<\/h2>\n\n\n\n<p><a href=\"https:\/\/www.mmbpro.com\/en\/additive-manufacturing\/\">Additive manufacturing<\/a> perfectly adapts to small series production, <strong>ranging from a single prototype to thousands of functional parts.<\/strong> <\/p>\n\n\n\n<p>The most suitable 3D printing methods for small series production include:<\/p>\n\n\n\n<ul class=\"wp-block-list\">\n<li><strong><a href=\"https:\/\/www.mmbpro.com\/en\/powder-sintering-technological-excellence-in-the-service-of-luxury\/\">Laser Sintering<\/a><\/strong> \u2013 SLS: <strong>Ideal for technical parts subjected to high thermal and mechanical stresses, thanks to a range of laser powders.<\/strong><\/li>\n\n\n\n<li><strong><a href=\"https:\/\/www.mmbpro.com\/en\/stereolithography-unparalleled-precision-in-the-service-of-luxury\/\">Stereolithography <\/a><\/strong>\u2013 SLA: The most precise method for reproducing fine details while ensuring superior quality.<\/li>\n\n\n\n<li><strong>Selective Laser Melting<\/strong> \u2013 SLM: Allows the production of functional metallic parts with high-performance mechanical characteristics, suitable for high-stress applications.<\/li>\n<\/ul>\n\n\n\n<p><strong>3D printing in small series offers unmatched flexibility, avoiding costs associated with the creation of molds or tooling, which are necessary with conventional technologies.<\/strong><\/p>\n<\/div><\/div>\n\n<div class=\"wp-block-cover\"><span aria-hidden=\"true\" class=\"wp-block-cover__background has-background-dim-80 has-background-dim\" style=\"background-color:#353128\"><\/span><img loading=\"lazy\" decoding=\"async\" width=\"1480\" height=\"1294\" class=\"wp-block-cover__image-background wp-image-760\" alt=\"\" src=\"https:\/\/www.mmbpro.com\/wp-content\/uploads\/2025\/03\/CSV.png\" data-object-fit=\"cover\" srcset=\"https:\/\/www.mmbpro.com\/wp-content\/uploads\/2025\/03\/CSV.png 1480w, https:\/\/www.mmbpro.com\/wp-content\/uploads\/2025\/03\/CSV-300x262.png 300w, https:\/\/www.mmbpro.com\/wp-content\/uploads\/2025\/03\/CSV-1024x895.png 1024w, https:\/\/www.mmbpro.com\/wp-content\/uploads\/2025\/03\/CSV-768x671.png 768w, https:\/\/www.mmbpro.com\/wp-content\/uploads\/2025\/03\/CSV-400x350.png 400w\" sizes=\"auto, (max-width: 1480px) 100vw, 1480px\" \/><div class=\"wp-block-cover__inner-container is-layout-constrained wp-block-cover-is-layout-constrained\">\n<p class=\"has-text-align-center is-style-title\"><a href=\"https:\/\/www.mmbpro.com\/en\/contact\/\">Contact us<\/a> using our form.<\/p>\n<\/div><\/div>\n","protected":false},"excerpt":{"rendered":"<p>Small Series Production of High-Performance and Functional Automotive Parts Mastery of technologies suited to small series production ensures optimal repeatability. Coupled with high-performance materials, these parts can be designed to become functional and integrated efficiently into automotive mechanical sub-assemblies. Combining Repeatable Technologies and High-Performance Materials for Functional Parts Production We combine various industrial technologies suited [&hellip;]<\/p>\n","protected":false},"author":1,"featured_media":0,"parent":997,"menu_order":0,"comment_status":"closed","ping_status":"closed","template":"","meta":{"inline_featured_image":false,"footnotes":""},"class_list":["post-1019","page","type-page","status-publish","hentry"],"yoast_head":"<!-- This site is optimized with the Yoast SEO plugin v27.2 - https:\/\/yoast.com\/product\/yoast-seo-wordpress\/ -->\n<title>Production of High-Performance Functional Automotive Parts in Small Series<\/title>\n<meta name=\"description\" content=\"MMB VOLUM-e manufactures functional automotive parts in small series for the mobility sector, using advanced technologies and high-performance materials, while ensuring compliance with industry standards.\" \/>\n<meta name=\"robots\" content=\"index, follow, max-snippet:-1, max-image-preview:large, max-video-preview:-1\" \/>\n<link rel=\"canonical\" href=\"https:\/\/www.mmbpro.com\/en\/mobility\/functional-parts-in-small-series\/\" \/>\n<meta property=\"og:locale\" content=\"en_US\" \/>\n<meta property=\"og:type\" content=\"article\" \/>\n<meta property=\"og:title\" content=\"Production of High-Performance Functional Automotive Parts in Small Series\" \/>\n<meta property=\"og:description\" content=\"MMB VOLUM-e manufactures functional automotive parts in small series for the mobility sector, using advanced technologies and high-performance materials, while ensuring compliance with industry standards.\" \/>\n<meta property=\"og:url\" content=\"https:\/\/www.mmbpro.com\/en\/mobility\/functional-parts-in-small-series\/\" \/>\n<meta property=\"og:site_name\" content=\"MMB Volum-e\" \/>\n<meta property=\"article:modified_time\" content=\"2025-03-31T08:56:06+00:00\" \/>\n<meta property=\"og:image\" content=\"https:\/\/www.mmbpro.com\/wp-content\/uploads\/2025\/03\/633c13e62d531.jpg\" \/>\n<meta name=\"twitter:card\" content=\"summary_large_image\" \/>\n<meta name=\"twitter:label1\" content=\"Est. reading time\" \/>\n\t<meta name=\"twitter:data1\" content=\"3 minutes\" \/>\n<script type=\"application\/ld+json\" class=\"yoast-schema-graph\">{\"@context\":\"https:\/\/schema.org\",\"@graph\":[{\"@type\":\"WebPage\",\"@id\":\"https:\/\/www.mmbpro.com\/en\/mobility\/functional-parts-in-small-series\/\",\"url\":\"https:\/\/www.mmbpro.com\/en\/mobility\/functional-parts-in-small-series\/\",\"name\":\"Production of High-Performance Functional Automotive Parts in Small Series\",\"isPartOf\":{\"@id\":\"https:\/\/www.mmbpro.com\/en\/#website\"},\"primaryImageOfPage\":{\"@id\":\"https:\/\/www.mmbpro.com\/en\/mobility\/functional-parts-in-small-series\/#primaryimage\"},\"image\":{\"@id\":\"https:\/\/www.mmbpro.com\/en\/mobility\/functional-parts-in-small-series\/#primaryimage\"},\"thumbnailUrl\":\"https:\/\/www.mmbpro.com\/wp-content\/uploads\/2025\/03\/633c13e62d531.jpg\",\"datePublished\":\"2025-03-17T14:59:36+00:00\",\"dateModified\":\"2025-03-31T08:56:06+00:00\",\"description\":\"MMB VOLUM-e manufactures functional automotive parts in small series for the mobility sector, using advanced technologies and high-performance materials, while ensuring compliance with industry standards.\",\"breadcrumb\":{\"@id\":\"https:\/\/www.mmbpro.com\/en\/mobility\/functional-parts-in-small-series\/#breadcrumb\"},\"inLanguage\":\"en-US\",\"potentialAction\":[{\"@type\":\"ReadAction\",\"target\":[\"https:\/\/www.mmbpro.com\/en\/mobility\/functional-parts-in-small-series\/\"]}]},{\"@type\":\"ImageObject\",\"inLanguage\":\"en-US\",\"@id\":\"https:\/\/www.mmbpro.com\/en\/mobility\/functional-parts-in-small-series\/#primaryimage\",\"url\":\"https:\/\/www.mmbpro.com\/wp-content\/uploads\/2025\/03\/633c13e62d531.jpg\",\"contentUrl\":\"https:\/\/www.mmbpro.com\/wp-content\/uploads\/2025\/03\/633c13e62d531.jpg\"},{\"@type\":\"BreadcrumbList\",\"@id\":\"https:\/\/www.mmbpro.com\/en\/mobility\/functional-parts-in-small-series\/#breadcrumb\",\"itemListElement\":[{\"@type\":\"ListItem\",\"position\":1,\"name\":\"Accueil\",\"item\":\"https:\/\/www.mmbpro.com\/en\/\"},{\"@type\":\"ListItem\",\"position\":2,\"name\":\"Mobility\",\"item\":\"https:\/\/www.mmbpro.com\/en\/mobility\/\"},{\"@type\":\"ListItem\",\"position\":3,\"name\":\"Functional Parts in Small Series\"}]},{\"@type\":\"WebSite\",\"@id\":\"https:\/\/www.mmbpro.com\/en\/#website\",\"url\":\"https:\/\/www.mmbpro.com\/en\/\",\"name\":\"MMB Volum-e\",\"description\":\"\",\"potentialAction\":[{\"@type\":\"SearchAction\",\"target\":{\"@type\":\"EntryPoint\",\"urlTemplate\":\"https:\/\/www.mmbpro.com\/en\/?s={search_term_string}\"},\"query-input\":{\"@type\":\"PropertyValueSpecification\",\"valueRequired\":true,\"valueName\":\"search_term_string\"}}],\"inLanguage\":\"en-US\"}]}<\/script>\n<!-- \/ Yoast SEO plugin. -->","yoast_head_json":{"title":"Production of High-Performance Functional Automotive Parts in Small Series","description":"MMB VOLUM-e manufactures functional automotive parts in small series for the mobility sector, using advanced technologies and high-performance materials, while ensuring compliance with industry standards.","robots":{"index":"index","follow":"follow","max-snippet":"max-snippet:-1","max-image-preview":"max-image-preview:large","max-video-preview":"max-video-preview:-1"},"canonical":"https:\/\/www.mmbpro.com\/en\/mobility\/functional-parts-in-small-series\/","og_locale":"en_US","og_type":"article","og_title":"Production of High-Performance Functional Automotive Parts in Small Series","og_description":"MMB VOLUM-e manufactures functional automotive parts in small series for the mobility sector, using advanced technologies and high-performance materials, while ensuring compliance with industry standards.","og_url":"https:\/\/www.mmbpro.com\/en\/mobility\/functional-parts-in-small-series\/","og_site_name":"MMB Volum-e","article_modified_time":"2025-03-31T08:56:06+00:00","og_image":[{"url":"https:\/\/www.mmbpro.com\/wp-content\/uploads\/2025\/03\/633c13e62d531.jpg","type":"","width":"","height":""}],"twitter_card":"summary_large_image","twitter_misc":{"Est. reading time":"3 minutes"},"schema":{"@context":"https:\/\/schema.org","@graph":[{"@type":"WebPage","@id":"https:\/\/www.mmbpro.com\/en\/mobility\/functional-parts-in-small-series\/","url":"https:\/\/www.mmbpro.com\/en\/mobility\/functional-parts-in-small-series\/","name":"Production of High-Performance Functional Automotive Parts in Small Series","isPartOf":{"@id":"https:\/\/www.mmbpro.com\/en\/#website"},"primaryImageOfPage":{"@id":"https:\/\/www.mmbpro.com\/en\/mobility\/functional-parts-in-small-series\/#primaryimage"},"image":{"@id":"https:\/\/www.mmbpro.com\/en\/mobility\/functional-parts-in-small-series\/#primaryimage"},"thumbnailUrl":"https:\/\/www.mmbpro.com\/wp-content\/uploads\/2025\/03\/633c13e62d531.jpg","datePublished":"2025-03-17T14:59:36+00:00","dateModified":"2025-03-31T08:56:06+00:00","description":"MMB VOLUM-e manufactures functional automotive parts in small series for the mobility sector, using advanced technologies and high-performance materials, while ensuring compliance with industry standards.","breadcrumb":{"@id":"https:\/\/www.mmbpro.com\/en\/mobility\/functional-parts-in-small-series\/#breadcrumb"},"inLanguage":"en-US","potentialAction":[{"@type":"ReadAction","target":["https:\/\/www.mmbpro.com\/en\/mobility\/functional-parts-in-small-series\/"]}]},{"@type":"ImageObject","inLanguage":"en-US","@id":"https:\/\/www.mmbpro.com\/en\/mobility\/functional-parts-in-small-series\/#primaryimage","url":"https:\/\/www.mmbpro.com\/wp-content\/uploads\/2025\/03\/633c13e62d531.jpg","contentUrl":"https:\/\/www.mmbpro.com\/wp-content\/uploads\/2025\/03\/633c13e62d531.jpg"},{"@type":"BreadcrumbList","@id":"https:\/\/www.mmbpro.com\/en\/mobility\/functional-parts-in-small-series\/#breadcrumb","itemListElement":[{"@type":"ListItem","position":1,"name":"Accueil","item":"https:\/\/www.mmbpro.com\/en\/"},{"@type":"ListItem","position":2,"name":"Mobility","item":"https:\/\/www.mmbpro.com\/en\/mobility\/"},{"@type":"ListItem","position":3,"name":"Functional Parts in Small Series"}]},{"@type":"WebSite","@id":"https:\/\/www.mmbpro.com\/en\/#website","url":"https:\/\/www.mmbpro.com\/en\/","name":"MMB Volum-e","description":"","potentialAction":[{"@type":"SearchAction","target":{"@type":"EntryPoint","urlTemplate":"https:\/\/www.mmbpro.com\/en\/?s={search_term_string}"},"query-input":{"@type":"PropertyValueSpecification","valueRequired":true,"valueName":"search_term_string"}}],"inLanguage":"en-US"}]}},"_links":{"self":[{"href":"https:\/\/www.mmbpro.com\/en\/wp-json\/wp\/v2\/pages\/1019","targetHints":{"allow":["GET"]}}],"collection":[{"href":"https:\/\/www.mmbpro.com\/en\/wp-json\/wp\/v2\/pages"}],"about":[{"href":"https:\/\/www.mmbpro.com\/en\/wp-json\/wp\/v2\/types\/page"}],"author":[{"embeddable":true,"href":"https:\/\/www.mmbpro.com\/en\/wp-json\/wp\/v2\/users\/1"}],"replies":[{"embeddable":true,"href":"https:\/\/www.mmbpro.com\/en\/wp-json\/wp\/v2\/comments?post=1019"}],"version-history":[{"count":6,"href":"https:\/\/www.mmbpro.com\/en\/wp-json\/wp\/v2\/pages\/1019\/revisions"}],"predecessor-version":[{"id":1329,"href":"https:\/\/www.mmbpro.com\/en\/wp-json\/wp\/v2\/pages\/1019\/revisions\/1329"}],"up":[{"embeddable":true,"href":"https:\/\/www.mmbpro.com\/en\/wp-json\/wp\/v2\/pages\/997"}],"wp:attachment":[{"href":"https:\/\/www.mmbpro.com\/en\/wp-json\/wp\/v2\/media?parent=1019"}],"curies":[{"name":"wp","href":"https:\/\/api.w.org\/{rel}","templated":true}]}}