{"id":1338,"date":"2025-03-31T15:25:27","date_gmt":"2025-03-31T13:25:27","guid":{"rendered":"https:\/\/pdbrbkiyx.preview.infomaniak.website\/mentions-legales\/"},"modified":"2025-03-31T16:41:38","modified_gmt":"2025-03-31T14:41:38","slug":"mentions-legales","status":"publish","type":"page","link":"https:\/\/www.mmbpro.com\/en\/mentions-legales\/","title":{"rendered":"Mentions l\u00e9gales"},"content":{"rendered":"\n<div class=\"wp-block-group\"><div class=\"wp-block-group__inner-container is-layout-constrained wp-block-group-is-layout-constrained\">\n<h1 class=\"wp-block-heading\">Mentions l\u00e9gales<\/h1>\n\n\n\n<h2 class=\"wp-block-heading\">1 &#8211; \u00c9dition du site<\/h2>\n\n\n\n<p>En vertu de&nbsp;<a href=\"https:\/\/www.legifrance.gouv.fr\/affichTexte.do?cidTexte=JORFTEXT000000801164#LEGIARTI000042038977\" target=\"_blank\" rel=\"noreferrer noopener\">l&#8217;article 6 de la loi n\u00b0 2004-575 du 21 juin 2004<\/a>&nbsp;pour la confiance dans l&#8217;\u00e9conomie num\u00e9rique, il est pr\u00e9cis\u00e9 aux utilisateurs du site internet&nbsp;<strong><a href=\"https:\/\/www.mmbpro.com\/\">https:\/\/www.mmbpro.com\/<\/a><\/strong>&nbsp;l&#8217;identit\u00e9 des diff\u00e9rents intervenants dans le cadre de sa r\u00e9alisation et de son suivi:<\/p>\n\n\n\n<p><strong>Propri\u00e9taire du site :&nbsp;<\/strong>Maquettes et mod\u00e8les de la Bresle (MMB)&nbsp;&#8211; Contact :&nbsp;0232975689&nbsp;&#8211; Adresse :&nbsp;1 Chem. de la Fonderie, 76340 Blangy-sur-Bresle.<\/p>\n\n\n\n<p><strong>Identification de l&#8217;entreprise :<\/strong>&nbsp;Maquettes et mod\u00e8les de la Bresle (MMB)&nbsp;&#8211; Adresse postale :&nbsp;1 Chem. de la Fonderie, 76340 Blangy-sur-Bresle<\/p>\n\n\n\n<p><strong>Directeur de la publication :&nbsp;<\/strong>Jeanne RODRIGUES&nbsp;&#8211; Contact :&nbsp;02 32 97 53 20.<\/p>\n\n\n\n<p><strong>H\u00e9bergeur :<\/strong>&nbsp;Infomaniak &#8211; Rue Eug\u00e8ne-Marziano 25, 1227 Gen\u00e8ve, Suisse &#8211; T\u00e9l\u00e9phone : +41.22.820.35.44<\/p>\n\n\n\n<p><strong>Autres contributeurs :<\/strong>&nbsp;Conception : <a href=\"https:\/\/atelier-du-design.com\/\" target=\"_blank\" rel=\"noreferrer noopener\">Atelier du Design<\/a><\/p>\n\n\n\n<p><strong>Sources images :<\/strong><\/p>\n\n\n\n<ul class=\"wp-block-list\">\n<li>Copyright Yves N\u2019Dabian<\/li>\n\n\n\n<li>Copyright Patrick Sordoillet<\/li>\n\n\n\n<li>Copyright France Chimie<\/li>\n\n\n\n<li><a href=\"https:\/\/www.journalduluxe.fr\/fr\/lifestyle\/dom-perignon-vu-par-iris-van-herpen\">https:\/\/www.journalduluxe.fr\/fr\/lifestyle\/dom-perignon-vu-par-iris-van-herpen<\/a><\/li>\n\n\n\n<li><a href=\"https:\/\/www.3dnatives.com\/impression-3d-renault-group-06032023\/\">Renault et l&#8217;impression 3D &#8211; 3Dnatives<\/a><\/li>\n\n\n\n<li><a href=\"https:\/\/constanceguisset.com\/fr\/architecture\/installations\/tourbillon\">https:\/\/constanceguisset.com\/fr\/architecture\/installations\/tourbillon<\/a><\/li>\n\n\n\n<li><a href=\"https:\/\/www.facebook.com\/richardorlinski.fr\/posts\/%EF%B8%8F-saviez-vous-que-loeuvre-mickey-lapprenti-sorcier-existe-en-version-chrom%C3%A9e-arg\/1162602057208893\/\">https:\/\/www.facebook.com\/richardorlinski.fr\/posts\/%EF%B8%8F-saviez-vous-que-loeuvre-mickey-lapprenti-sorcier-existe-en-version-chrom%C3%A9e-arg\/1162602057208893\/<\/a><\/li>\n\n\n\n<li><a href=\"https:\/\/www.capsule-collections.com\/mumm-3d-by-renato-montagner\/\">https:\/\/www.capsule-collections.com\/mumm-3d-by-renato-montagner\/<\/a><\/li>\n<\/ul>\n\n\n\n<hr class=\"wp-block-separator has-alpha-channel-opacity\"\/>\n\n\n\n<h2 class=\"wp-block-heading\">2 &#8211; Propri\u00e9t\u00e9 intellectuelle et contrefa\u00e7ons.<\/h2>\n\n\n\n<p><strong>Maquettes et mod\u00e8les de la Bresle (MMB)<\/strong>&nbsp;est propri\u00e9taire des droits de propri\u00e9t\u00e9 intellectuelle et d\u00e9tient les droits d\u2019usage sur tous les \u00e9l\u00e9ments accessibles sur le site internet, notamment les textes, images, graphismes, logos, vid\u00e9os, architecture, ic\u00f4nes et sons.<\/p>\n\n\n\n<p>Toute reproduction, repr\u00e9sentation, modification, publication, adaptation de tout ou partie des \u00e9l\u00e9ments du site, quel que soit le moyen ou le proc\u00e9d\u00e9 utilis\u00e9, est interdite, sauf autorisation \u00e9crite pr\u00e9alable de&nbsp;<strong>Maquettes et mod\u00e8les de la Bresle (MMB)<\/strong>.<\/p>\n\n\n\n<p>Toute exploitation non autoris\u00e9e du site ou de l\u2019un quelconque des \u00e9l\u00e9ments qu\u2019il contient sera consid\u00e9r\u00e9e comme constitutive d\u2019une contrefa\u00e7on et poursuivie conform\u00e9ment aux dispositions des articles&nbsp;<a href=\"https:\/\/www.legifrance.gouv.fr\/affichCodeArticle.do?idArticle=LEGIARTI000032655082&amp;cidTexte=LEGITEXT000006069414&amp;dateTexte=20160605\" target=\"_blank\" rel=\"noreferrer noopener\">L.335-2 et suivants du Code de Propri\u00e9t\u00e9 Intellectuelle<\/a>.<\/p>\n\n\n\n<hr class=\"wp-block-separator has-alpha-channel-opacity\"\/>\n\n\n\n<h2 class=\"wp-block-heading\">3 &#8211; Limitations de responsabilit\u00e9.<\/h2>\n\n\n\n<p><strong>Maquettes et mod\u00e8les de la Bresle (MMB)<\/strong>&nbsp;ne pourra \u00eatre tenu pour responsable des dommages directs et indirects caus\u00e9s au mat\u00e9riel de l\u2019utilisateur, lors de l\u2019acc\u00e8s au site&nbsp;<strong><a href=\"https:\/\/www.mmbpro.com\/\">https:\/\/www.mmbpro.com\/<\/a><\/strong>.<\/p>\n\n\n\n<p><strong>Maquettes et mod\u00e8les de la Bresle (MMB)<\/strong>&nbsp;d\u00e9cline toute responsabilit\u00e9 quant \u00e0 l\u2019utilisation qui pourrait \u00eatre faite des informations et contenus pr\u00e9sents sur&nbsp;<strong><a href=\"https:\/\/www.mmbpro.com\/\">https:\/\/www.mmbpro.com\/<\/a><\/strong>.<\/p>\n\n\n\n<p><strong>Maquettes et mod\u00e8les de la Bresle (MMB)<\/strong>&nbsp;s\u2019engage \u00e0 s\u00e9curiser au mieux le site&nbsp;<strong><a href=\"https:\/\/www.mmbpro.com\/\">https:\/\/www.mmbpro.com\/<\/a><\/strong>, cependant sa responsabilit\u00e9 ne pourra \u00eatre mise en cause si des donn\u00e9es ind\u00e9sirables sont import\u00e9es et install\u00e9es sur son site \u00e0 son insu.<\/p>\n\n\n\n<p>Des espaces interactifs (espace contact ou commentaires) sont \u00e0 la disposition des utilisateurs.&nbsp;<strong>Maquettes et mod\u00e8les de la Bresle (MMB)<\/strong>&nbsp;se r\u00e9serve le droit de supprimer, sans mise en demeure pr\u00e9alable, tout contenu d\u00e9pos\u00e9 dans cet espace qui contreviendrait \u00e0 la l\u00e9gislation applicable en France, en particulier aux dispositions relatives \u00e0 la protection des donn\u00e9es.<\/p>\n\n\n\n<p>Le cas \u00e9ch\u00e9ant,&nbsp;<strong>Maquettes et mod\u00e8les de la Bresle (MMB)<\/strong>&nbsp;se r\u00e9serve \u00e9galement la possibilit\u00e9 de mettre en cause la responsabilit\u00e9 civile et\/ou p\u00e9nale de l\u2019utilisateur, notamment en cas de message \u00e0 caract\u00e8re raciste, injurieux, diffamant, ou pornographique, quel que soit le support utilis\u00e9 (texte, photographie \u2026).<\/p>\n\n\n\n<hr class=\"wp-block-separator has-alpha-channel-opacity\"\/>\n\n\n\n<h2 class=\"wp-block-heading\">4 &#8211; CNIL et gestion des donn\u00e9es personnelles.<\/h2>\n\n\n\n<p>Conform\u00e9ment aux dispositions de&nbsp;<a href=\"https:\/\/www.legifrance.gouv.fr\/affichTexte.do?cidTexte=JORFTEXT000000886460\" target=\"_blank\" rel=\"noreferrer noopener\">la loi 78-17 du 6 janvier 1978 modifi\u00e9e<\/a>, l\u2019utilisateur du site&nbsp;<strong><a href=\"https:\/\/www.mmbpro.com\/\">https:\/\/www.mmbpro.com\/<\/a><\/strong>&nbsp;dispose d\u2019un droit d\u2019acc\u00e8s, de modification et de suppression des informations collect\u00e9es.<\/p>\n\n\n\n<p>Pour plus d&#8217;informations sur la fa\u00e7on dont nous traitons vos donn\u00e9es (type de donn\u00e9es, finalit\u00e9, destinataire&#8230;), lisez notre&nbsp;<strong><a href=\"https:\/\/www.mmbpro.com\/politique-de-confidentialite\/\">https:\/\/www.mmbpro.com\/politique-de-confidentialite\/<\/a><\/strong>.<\/p>\n\n\n\n<hr class=\"wp-block-separator has-alpha-channel-opacity\"\/>\n\n\n\n<h2 class=\"wp-block-heading\">5 &#8211; Liens hypertextes et cookies<\/h2>\n\n\n\n<p>Le site&nbsp;<strong><a href=\"https:\/\/www.mmbpro.com\/\">https:\/\/www.mmbpro.com\/<\/a><\/strong>&nbsp;contient des liens hypertextes vers d\u2019autres sites et d\u00e9gage toute responsabilit\u00e9 \u00e0 propos de ces liens externes ou des liens cr\u00e9\u00e9s par d\u2019autres sites vers&nbsp;<strong><a href=\"https:\/\/www.mmbpro.com\/\">https:\/\/www.mmbpro.com\/<\/a><\/strong>.<\/p>\n\n\n\n<p>La navigation sur le site&nbsp;<strong><a href=\"https:\/\/www.mmbpro.com\/\">https:\/\/www.mmbpro.com\/<\/a><\/strong>&nbsp;est susceptible de provoquer l\u2019installation de cookie(s) sur l\u2019ordinateur de l\u2019utilisateur.<\/p>\n\n\n\n<p>Un &#8220;cookie&#8221; est un fichier de petite taille qui enregistre des informations relatives \u00e0 la navigation d\u2019un utilisateur sur un site. Les donn\u00e9es ainsi obtenues permettent d&#8217;obtenir des mesures de fr\u00e9quentation, par exemple.<\/p>\n\n\n\n<p>Vous avez la possibilit\u00e9&nbsp;<strong>d\u2019accepter ou de refuser les cookies<\/strong>&nbsp;en modifiant les param\u00e8tres de votre navigateur. Aucun cookie ne sera d\u00e9pos\u00e9 sans votre consentement.<\/p>\n\n\n\n<p>Les cookies sont enregistr\u00e9s pour une dur\u00e9e maximale de&nbsp;12&nbsp;mois.<\/p>\n\n\n\n<p>Pour plus d&#8217;informations sur la fa\u00e7on dont nous faisons usage des cookies, lisez notre&nbsp;<strong><a href=\"https:\/\/www.mmbpro.com\/politique-de-confidentialite\/\">https:\/\/www.mmbpro.com\/politique-de-confidentialite\/<\/a><\/strong>.<\/p>\n\n\n\n<hr class=\"wp-block-separator has-alpha-channel-opacity\"\/>\n\n\n\n<h2 class=\"wp-block-heading\">6 &#8211; Droit applicable et attribution de juridiction.<\/h2>\n\n\n\n<p>Tout litige en relation avec l\u2019utilisation du site&nbsp;<strong><a href=\"https:\/\/www.mmbpro.com\/\">https:\/\/www.mmbpro.com\/<\/a><\/strong>&nbsp;est soumis au droit fran\u00e7ais. En dehors des cas o\u00f9 la loi ne le permet pas, il est fait attribution exclusive de juridiction aux tribunaux comp\u00e9tents de&nbsp;<strong>Rouen<\/strong>.<\/p>\n<\/div><\/div>\n","protected":false},"excerpt":{"rendered":"<p>Mentions l\u00e9gales 1 &#8211; \u00c9dition du site En vertu de&nbsp;l&#8217;article 6 de la loi n\u00b0 2004-575 du 21 juin 2004&nbsp;pour la confiance dans l&#8217;\u00e9conomie num\u00e9rique, il est pr\u00e9cis\u00e9 aux utilisateurs du site internet&nbsp;https:\/\/www.mmbpro.com\/&nbsp;l&#8217;identit\u00e9 des diff\u00e9rents intervenants dans le cadre de sa r\u00e9alisation et de son suivi: Propri\u00e9taire du site :&nbsp;Maquettes et mod\u00e8les de la Bresle [&hellip;]<\/p>\n","protected":false},"author":1,"featured_media":0,"parent":0,"menu_order":0,"comment_status":"closed","ping_status":"closed","template":"","meta":{"inline_featured_image":false,"footnotes":""},"class_list":["post-1338","page","type-page","status-publish","hentry"],"yoast_head":"<!-- This site is optimized with the Yoast SEO plugin v27.2 - https:\/\/yoast.com\/product\/yoast-seo-wordpress\/ -->\n<title>Mentions l\u00e9gales - MMB Volum-e<\/title>\n<meta name=\"robots\" content=\"noindex, nofollow\" \/>\n<meta property=\"og:locale\" content=\"en_US\" \/>\n<meta property=\"og:type\" content=\"article\" \/>\n<meta property=\"og:title\" content=\"Mentions l\u00e9gales - MMB Volum-e\" \/>\n<meta property=\"og:description\" content=\"Mentions l\u00e9gales 1 &#8211; \u00c9dition du site En vertu de&nbsp;l&#8217;article 6 de la loi n\u00b0 2004-575 du 21 juin 2004&nbsp;pour la confiance dans l&#8217;\u00e9conomie num\u00e9rique, il est pr\u00e9cis\u00e9 aux utilisateurs du site internet&nbsp;https:\/\/www.mmbpro.com\/&nbsp;l&#8217;identit\u00e9 des diff\u00e9rents intervenants dans le cadre de sa r\u00e9alisation et de son suivi: Propri\u00e9taire du site :&nbsp;Maquettes et mod\u00e8les de la Bresle [&hellip;]\" \/>\n<meta property=\"og:url\" content=\"https:\/\/www.mmbpro.com\/en\/mentions-legales\/\" \/>\n<meta property=\"og:site_name\" content=\"MMB Volum-e\" \/>\n<meta property=\"article:modified_time\" content=\"2025-03-31T14:41:38+00:00\" \/>\n<meta name=\"twitter:card\" content=\"summary_large_image\" \/>\n<meta name=\"twitter:label1\" content=\"Est. reading time\" \/>\n\t<meta name=\"twitter:data1\" content=\"4 minutes\" \/>\n<script type=\"application\/ld+json\" class=\"yoast-schema-graph\">{\"@context\":\"https:\/\/schema.org\",\"@graph\":[{\"@type\":\"WebPage\",\"@id\":\"https:\/\/www.mmbpro.com\/en\/mentions-legales\/\",\"url\":\"https:\/\/www.mmbpro.com\/en\/mentions-legales\/\",\"name\":\"Mentions l\u00e9gales - MMB Volum-e\",\"isPartOf\":{\"@id\":\"https:\/\/www.mmbpro.com\/en\/#website\"},\"datePublished\":\"2025-03-31T13:25:27+00:00\",\"dateModified\":\"2025-03-31T14:41:38+00:00\",\"breadcrumb\":{\"@id\":\"https:\/\/www.mmbpro.com\/en\/mentions-legales\/#breadcrumb\"},\"inLanguage\":\"en-US\",\"potentialAction\":[{\"@type\":\"ReadAction\",\"target\":[\"https:\/\/www.mmbpro.com\/en\/mentions-legales\/\"]}]},{\"@type\":\"BreadcrumbList\",\"@id\":\"https:\/\/www.mmbpro.com\/en\/mentions-legales\/#breadcrumb\",\"itemListElement\":[{\"@type\":\"ListItem\",\"position\":1,\"name\":\"Accueil\",\"item\":\"https:\/\/www.mmbpro.com\/en\/\"},{\"@type\":\"ListItem\",\"position\":2,\"name\":\"Mentions l\u00e9gales\"}]},{\"@type\":\"WebSite\",\"@id\":\"https:\/\/www.mmbpro.com\/en\/#website\",\"url\":\"https:\/\/www.mmbpro.com\/en\/\",\"name\":\"MMB Volum-e\",\"description\":\"\",\"potentialAction\":[{\"@type\":\"SearchAction\",\"target\":{\"@type\":\"EntryPoint\",\"urlTemplate\":\"https:\/\/www.mmbpro.com\/en\/?s={search_term_string}\"},\"query-input\":{\"@type\":\"PropertyValueSpecification\",\"valueRequired\":true,\"valueName\":\"search_term_string\"}}],\"inLanguage\":\"en-US\"}]}<\/script>\n<!-- \/ Yoast SEO plugin. -->","yoast_head_json":{"title":"Mentions l\u00e9gales - MMB Volum-e","robots":{"index":"noindex","follow":"nofollow"},"og_locale":"en_US","og_type":"article","og_title":"Mentions l\u00e9gales - MMB Volum-e","og_description":"Mentions l\u00e9gales 1 &#8211; \u00c9dition du site En vertu de&nbsp;l&#8217;article 6 de la loi n\u00b0 2004-575 du 21 juin 2004&nbsp;pour la confiance dans l&#8217;\u00e9conomie num\u00e9rique, il est pr\u00e9cis\u00e9 aux utilisateurs du site internet&nbsp;https:\/\/www.mmbpro.com\/&nbsp;l&#8217;identit\u00e9 des diff\u00e9rents intervenants dans le cadre de sa r\u00e9alisation et de son suivi: Propri\u00e9taire du site :&nbsp;Maquettes et mod\u00e8les de la Bresle [&hellip;]","og_url":"https:\/\/www.mmbpro.com\/en\/mentions-legales\/","og_site_name":"MMB Volum-e","article_modified_time":"2025-03-31T14:41:38+00:00","twitter_card":"summary_large_image","twitter_misc":{"Est. reading time":"4 minutes"},"schema":{"@context":"https:\/\/schema.org","@graph":[{"@type":"WebPage","@id":"https:\/\/www.mmbpro.com\/en\/mentions-legales\/","url":"https:\/\/www.mmbpro.com\/en\/mentions-legales\/","name":"Mentions l\u00e9gales - MMB Volum-e","isPartOf":{"@id":"https:\/\/www.mmbpro.com\/en\/#website"},"datePublished":"2025-03-31T13:25:27+00:00","dateModified":"2025-03-31T14:41:38+00:00","breadcrumb":{"@id":"https:\/\/www.mmbpro.com\/en\/mentions-legales\/#breadcrumb"},"inLanguage":"en-US","potentialAction":[{"@type":"ReadAction","target":["https:\/\/www.mmbpro.com\/en\/mentions-legales\/"]}]},{"@type":"BreadcrumbList","@id":"https:\/\/www.mmbpro.com\/en\/mentions-legales\/#breadcrumb","itemListElement":[{"@type":"ListItem","position":1,"name":"Accueil","item":"https:\/\/www.mmbpro.com\/en\/"},{"@type":"ListItem","position":2,"name":"Mentions l\u00e9gales"}]},{"@type":"WebSite","@id":"https:\/\/www.mmbpro.com\/en\/#website","url":"https:\/\/www.mmbpro.com\/en\/","name":"MMB Volum-e","description":"","potentialAction":[{"@type":"SearchAction","target":{"@type":"EntryPoint","urlTemplate":"https:\/\/www.mmbpro.com\/en\/?s={search_term_string}"},"query-input":{"@type":"PropertyValueSpecification","valueRequired":true,"valueName":"search_term_string"}}],"inLanguage":"en-US"}]}},"_links":{"self":[{"href":"https:\/\/www.mmbpro.com\/en\/wp-json\/wp\/v2\/pages\/1338","targetHints":{"allow":["GET"]}}],"collection":[{"href":"https:\/\/www.mmbpro.com\/en\/wp-json\/wp\/v2\/pages"}],"about":[{"href":"https:\/\/www.mmbpro.com\/en\/wp-json\/wp\/v2\/types\/page"}],"author":[{"embeddable":true,"href":"https:\/\/www.mmbpro.com\/en\/wp-json\/wp\/v2\/users\/1"}],"replies":[{"embeddable":true,"href":"https:\/\/www.mmbpro.com\/en\/wp-json\/wp\/v2\/comments?post=1338"}],"version-history":[{"count":3,"href":"https:\/\/www.mmbpro.com\/en\/wp-json\/wp\/v2\/pages\/1338\/revisions"}],"predecessor-version":[{"id":1343,"href":"https:\/\/www.mmbpro.com\/en\/wp-json\/wp\/v2\/pages\/1338\/revisions\/1343"}],"wp:attachment":[{"href":"https:\/\/www.mmbpro.com\/en\/wp-json\/wp\/v2\/media?parent=1338"}],"curies":[{"name":"wp","href":"https:\/\/api.w.org\/{rel}","templated":true}]}}